{"id":21606,"date":"2024-06-09T16:42:22","date_gmt":"2024-06-09T16:42:22","guid":{"rendered":"https:\/\/brefshop.ma\/%d9%85%d9%83%d8%a8%d8%b1-%d8%b5%d9%88%d8%aa-%d8%b1%d8%a7%d8%af%d9%8a%d9%88-%d9%85%d8%ad%d9%85%d9%88%d9%84-%d8%a8%d8%aa%d9%82%d9%86%d9%8a%d8%a9-%d8%a7%d9%84%d8%a8%d9%84%d9%88%d8%aa%d9%88%d8%ab-%d9%88\/"},"modified":"2025-11-09T16:42:22","modified_gmt":"2025-11-09T16:42:22","slug":"%d9%85%d9%83%d8%a8%d8%b1-%d8%b5%d9%88%d8%aa-%d8%b1%d8%a7%d8%af%d9%8a%d9%88-%d9%85%d8%ad%d9%85%d9%88%d9%84-%d8%a8%d8%aa%d9%82%d9%86%d9%8a%d8%a9-%d8%a7%d9%84%d8%a8%d9%84%d9%88%d8%aa%d9%88%d8%ab-%d9%88","status":"publish","type":"product","link":"https:\/\/brefshop.ma\/ar\/%d9%85%d9%83%d8%a8%d8%b1-%d8%b5%d9%88%d8%aa-%d8%b1%d8%a7%d8%af%d9%8a%d9%88-%d9%85%d8%ad%d9%85%d9%88%d9%84-%d8%a8%d8%aa%d9%82%d9%86%d9%8a%d8%a9-%d8%a7%d9%84%d8%a8%d9%84%d9%88%d8%aa%d9%88%d8%ab-%d9%88\/","title":{"rendered":"\u0645\u0643\u0628\u0631 \u0635\u0648\u062a \u0631\u0627\u062f\u064a\u0648 \u0645\u062d\u0645\u0648\u0644 \u0628\u062a\u0642\u0646\u064a\u0629 \u0627\u0644\u0628\u0644\u0648\u062a\u0648\u062b \u0648\u0628\u0637\u0631\u0627\u0632 \u0643\u0644\u0627\u0633\u064a\u0643\u064a"},"content":{"rendered":"<h3 data-start=\"590\" data-end=\"718\">\u0645\u0643\u0628\u0631 \u0635\u0648\u062a \u0631\u0627\u062f\u064a\u0648 \u0645\u062d\u0645\u0648\u0644 \u0628\u062a\u0642\u0646\u064a\u0629 \u0627\u0644\u0628\u0644\u0648\u062a\u0648\u062b \u0628\u0637\u0631\u0627\u0632 \u0643\u0644\u0627\u0633\u064a\u0643\u064a \u2013 \u0633\u0645\u0627\u0639\u0629 \u0644\u0627\u0633\u0644\u0643\u064a\u0629 \u0639\u062a\u064a\u0642\u0629 \u0645\u0639 \u0631\u0627\u062f\u064a\u0648 FM\/AM\u060c \u0645\u0646\u0641\u0630 USB\u060c \u0628\u0637\u0627\u0642\u0629 TF\u060c \u0648\u0628\u0637\u0627\u0631\u064a\u0629 \u0642\u0627\u0628\u0644\u0629 \u0644\u0625\u0639\u0627\u062f\u0629 \u0627\u0644\u0634\u062d\u0646<\/h3>\n<p data-start=\"776\" data-end=\"1283\">\u0627\u0643\u062a\u0634\u0641\u0648\u0627 \u0633\u062d\u0631 \u0627\u0644\u0637\u0631\u0627\u0632 \u0627\u0644\u0642\u062f\u064a\u0645 \u0627\u0644\u0645\u0645\u0632\u0648\u062c <a href=\"https:\/\/brefshop.ma\/ar\/%d8%a7%d9%84%d9%85%d9%84%d8%ad%d9%82%d8%a7%d8%aa-%d8%a7%d9%84%d8%a5%d9%84%d9%83%d8%aa%d8%b1%d9%88%d9%86%d9%8a%d8%a9\/\">\u0628\u0627\u0644\u062a\u0642\u0646\u064a\u0629 \u0627\u0644\u062d\u062f\u064a\u062b\u0629 <\/a>\u0645\u0639 <strong data-start=\"854\" data-end=\"901\">\u0645\u0643\u0628\u0631 \u0627\u0644\u0635\u0648\u062a \u0627\u0644\u0631\u0627\u062f\u064a\u0648 \u0627\u0644\u0645\u062d\u0645\u0648\u0644 \u0627\u0644\u0643\u0644\u0627\u0633\u064a\u0643\u064a \u0628\u062a\u0642\u0646\u064a\u0629 \u0627\u0644\u0628\u0644\u0648\u062a\u0648\u062b<\/strong>. \u0635\u064f\u0645\u0645 \u0647\u0630\u0627 \u0627\u0644\u062c\u0647\u0627\u0632 \u0644\u0639\u0634\u0627\u0642 \u0627\u0644\u062a\u0635\u0645\u064a\u0645 \u0627\u0644\u0639\u062a\u064a\u0642 \u0648\u0627\u0644\u0645\u0648\u0633\u064a\u0642\u0649\u060c \u062d\u064a\u062b \u064a\u062c\u0645\u0639 \u0628\u064a\u0646 \u0627\u0644\u062c\u0645\u0627\u0644\u064a\u0629 \u0627\u0644\u0643\u0644\u0627\u0633\u064a\u0643\u064a\u0629 \u0644\u0644\u0631\u0627\u062f\u064a\u0648\u0647\u0627\u062a \u0627\u0644\u0642\u062f\u064a\u0645\u0629 \u0648\u0631\u0627\u062d\u0629 \u0627\u0633\u062a\u062e\u062f\u0627\u0645 \u0645\u0643\u0628\u0631 \u0635\u0648\u062a \u0644\u0627\u0633\u0644\u0643\u064a \u062d\u062f\u064a\u062b. \u062a\u0635\u0645\u064a\u0645\u0647 \u0627\u0644\u0623\u0646\u064a\u0642\u060c \u0648\u062a\u0639\u062f\u062f \u0627\u0633\u062a\u062e\u062f\u0627\u0645\u0627\u062a\u0647\u060c \u0648\u062c\u0648\u062f\u0629 \u0635\u0648\u062a\u0647 \u0627\u0644\u0639\u0627\u0644\u064a\u0629 \u062a\u062c\u0639\u0644\u0627\u0646\u0647 \u062e\u064a\u0627\u0631\u064b\u0627 \u0645\u062b\u0627\u0644\u064a\u064b\u0627 \u0644\u0644\u0627\u0633\u062a\u0645\u0627\u0639 \u0625\u0644\u0649 \u0645\u062d\u0637\u0627\u062a\u0643\u0645 \u0627\u0644\u0645\u0641\u0636\u0644\u0629 \u0623\u0648 \u062a\u0634\u063a\u064a\u0644 \u0627\u0644\u0645\u0648\u0633\u064a\u0642\u0649 \u0645\u0646 \u0627\u0644\u0647\u0627\u062a\u0641 \u0627\u0644\u0630\u0643\u064a\u060c \u0623\u0648 \u0641\u0644\u0627\u0634 USB\u060c \u0623\u0648 \u0628\u0637\u0627\u0642\u0629 \u0627\u0644\u0630\u0627\u0643\u0631\u0629.  <\/p>\n<h4 data-start=\"1285\" data-end=\"1329\"><strong data-start=\"1290\" data-end=\"1329\">Design r\u00e9tro et fabrication soign\u00e9e<\/strong><\/h4>\n<p data-start=\"1330\" data-end=\"1797\">Ce haut-parleur portable arbore un style r\u00e9tro unique, inspir\u00e9 des radios classiques des ann\u00e9es 60 et 70. Sa fa\u00e7ade bicolore \u2014 un m\u00e9lange harmonieux de noir et d\u2019imitation bois dor\u00e9 ou marron \u2014 apporte une touche d\u2019\u00e9l\u00e9gance \u00e0 tout int\u00e9rieur. La poign\u00e9e sup\u00e9rieure permet un transport facile, tandis que la grande grille de haut-parleur centrale souligne le c\u00f4t\u00e9 authentique du design. C\u2019est un v\u00e9ritable objet de d\u00e9coration aussi bien qu\u2019un appareil audio performant.   <\/p>\n<h4 data-start=\"1799\" data-end=\"1847\"><strong data-start=\"1804\" data-end=\"1847\">\u062a\u0639\u062f\u062f \u0627\u0644\u0627\u0633\u062a\u062e\u062f\u0627\u0645\u0627\u062a \u0648\u0627\u0644\u0648\u0638\u0627\u0626\u0641 \u0627\u0644\u062d\u062f\u064a\u062b\u0629<\/strong><\/h4>\n<p data-start=\"1848\" data-end=\"1991\">\u0648\u0631\u0627\u0621 \u0645\u0638\u0647\u0631\u0647 \u0627\u0644\u0643\u0644\u0627\u0633\u064a\u0643\u064a \u062a\u062e\u062a\u0628\u0626 \u062a\u0642\u0646\u064a\u0629 \u062d\u062f\u064a\u062b\u0629. \u064a\u0648\u0641\u0631 \u0647\u0630\u0627 \u0627\u0644\u0637\u0631\u0627\u0632 \u0639\u062f\u0629 \u0623\u0648\u0636\u0627\u0639 \u0627\u0633\u062a\u0645\u0627\u0639 \u0644\u062a\u0646\u0627\u0633\u0628 \u062c\u0645\u064a\u0639 \u0627\u0644\u062d\u0627\u0644\u0627\u062a: <\/p>\n<ul data-start=\"1992\" data-end=\"2528\">\n<li data-start=\"1992\" data-end=\"2114\">\n<p data-start=\"1994\" data-end=\"2114\"><strong data-start=\"1994\" data-end=\"2012\">Mode Bluetooth<\/strong> : Connectez facilement votre smartphone, tablette ou ordinateur pour diffuser votre musique sans fil.<\/p>\n<\/li>\n<li data-start=\"2115\" data-end=\"2253\">\n<p data-start=\"2117\" data-end=\"2253\"><strong data-start=\"2117\" data-end=\"2135\">\u0631\u0627\u062f\u064a\u0648 FM\/AM\/SW:<\/strong> \u0627\u0633\u062a\u0645\u062a\u0639 \u0628\u0645\u062c\u0645\u0648\u0639\u0629 \u0648\u0627\u0633\u0639\u0629 \u0645\u0646 \u0627\u0644\u0645\u062d\u0637\u0627\u062a \u0627\u0644\u0625\u0630\u0627\u0639\u064a\u0629 \u0628\u0641\u0636\u0644 \u0627\u0644\u0645\u0648\u062c\u0651\u0647 \u0627\u0644\u062a\u0646\u0627\u0638\u0631\u064a \u0627\u0644\u062f\u0642\u064a\u0642 \u0648\u0639\u062c\u0644\u0629 \u0627\u0644\u0636\u0628\u0637.<\/p>\n<\/li>\n<li data-start=\"2254\" data-end=\"2416\">\n<p data-start=\"2256\" data-end=\"2416\"><strong data-start=\"2256\" data-end=\"2301\">Port USB et lecteur de carte TF (MicroSD)<\/strong> : \u00c9coutez vos morceaux pr\u00e9f\u00e9r\u00e9s directement depuis une cl\u00e9 USB ou une carte m\u00e9moire, sans appareil suppl\u00e9mentaire.<\/p>\n<\/li>\n<li data-start=\"2417\" data-end=\"2528\">\n<p data-start=\"2419\" data-end=\"2528\"><strong data-start=\"2419\" data-end=\"2433\">\u0645\u062f\u062e\u0644 AUX:<\/strong> \u0642\u0645 \u0628\u062a\u0648\u0635\u064a\u0644 \u0645\u0634\u063a\u0644 MP3 \u0623\u0648 \u0627\u0644\u0643\u0645\u0628\u064a\u0648\u062a\u0631 \u0623\u0648 \u0623\u064a \u062c\u0647\u0627\u0632 \u0635\u0648\u062a\u064a \u0622\u062e\u0631 \u0628\u0627\u0633\u062a\u062e\u062f\u0627\u0645 \u0643\u0627\u0628\u0644 AUX.<\/p>\n<\/li>\n<\/ul>\n<p data-start=\"2530\" data-end=\"2681\">\u062a\u0636\u0645\u0646 \u0647\u0630\u0647 \u0627\u0644\u062a\u0646\u0648\u0639\u0627\u062a \u0645\u0646 \u0627\u0644\u0645\u0635\u0627\u062f\u0631 \u062a\u062c\u0631\u0628\u0629 \u0627\u0633\u062a\u0645\u0627\u0639 \u0645\u062a\u0643\u0627\u0645\u0644\u0629\u060c \u0633\u0648\u0627\u0621 \u0641\u064a \u0627\u0644\u0645\u0646\u0632\u0644\u060c \u0623\u0648 \u0623\u062b\u0646\u0627\u0621 \u0627\u0644\u0646\u0632\u0647\u0627\u062a\u060c \u0623\u0648 \u0627\u0644\u0633\u0641\u0631\u060c \u0623\u0648 \u0641\u064a \u0633\u0647\u0631\u0629 \u0645\u0639 \u0627\u0644\u0623\u0635\u062f\u0642\u0627\u0621.<\/p>\n<h4 data-start=\"2683\" data-end=\"2723\"><strong data-start=\"2688\" data-end=\"2723\">\u0623\u0632\u0631\u0627\u0631 \u062a\u062d\u0643\u0645 \u0628\u0633\u064a\u0637\u0629 \u0648\u0633\u0647\u0644\u0629 \u0627\u0644\u0627\u0633\u062a\u062e\u062f\u0627\u0645<\/strong><\/h4>\n<p data-start=\"2724\" data-end=\"3266\">\u062a\u062d\u062a\u0648\u064a \u0648\u0627\u062c\u0647\u0629 \u0627\u0644\u0645\u0643\u0628\u0631 \u0627\u0644\u0635\u0648\u062a\u064a \u0639\u0644\u0649 \u0623\u0632\u0631\u0627\u0631 \u062a\u062d\u0643\u0645 \u0633\u0647\u0644\u0629 \u0627\u0644\u0648\u0635\u0648\u0644. \u062a\u062a\u062d\u0643\u0645 <strong data-start=\"2801\" data-end=\"2821\">\u0639\u062c\u0644\u0629 \u062c\u0627\u0646\u0628\u064a\u0629<\/strong> \u0641\u064a \u0645\u0633\u062a\u0648\u0649 \u0627\u0644\u0635\u0648\u062a \u0648\u062a\u0639\u0645\u0644 \u0623\u064a\u0636\u064b\u0627 \u0643\u0645\u0641\u062a\u0627\u062d \u062a\u0634\u063a\u064a\u0644\/\u0625\u064a\u0642\u0627\u0641 (ON\/OFF). \u062a\u064f\u062e\u0635\u0651\u0635 <strong data-start=\"2896\" data-end=\"2915\">\u0639\u062c\u0644\u0629 \u062b\u0627\u0646\u064a\u0629 <\/strong>\u0644\u0636\u0628\u0637 \u0645\u062d\u0637\u0627\u062a \u0627\u0644\u0631\u0627\u062f\u064a\u0648\u060c \u0645\u0639 \u0646\u0627\u0641\u0630\u0629 \u0644\u0639\u0631\u0636 \u0627\u0644\u062a\u0631\u062f\u062f \u0644\u0636\u0628\u0637 \u062f\u0642\u064a\u0642. \u062a\u062a\u064a\u062d <strong data-start=\"3024\" data-end=\"3044\">\u0627\u0644\u0623\u0632\u0631\u0627\u0631 \u0627\u0644\u0645\u0631\u0643\u0632\u064a\u0629<\/strong> \u062a\u063a\u064a\u064a\u0631 \u0627\u0644\u0648\u0636\u0639 (\u0631\u0627\u062f\u064a\u0648\u060c \u0628\u0644\u0648\u062a\u0648\u062b\u060c USB\u060c \u0628\u0637\u0627\u0642\u0629 TF) \u0648\u0625\u062f\u0627\u0631\u0629 \u0627\u0644\u062a\u0634\u063a\u064a\u0644 (\u062a\u0634\u063a\u064a\u0644\/\u0625\u064a\u0642\u0627\u0641 \u0645\u0624\u0642\u062a\u060c \u0627\u0644\u0645\u0633\u0627\u0631 \u0627\u0644\u062a\u0627\u0644\u064a \u0623\u0648 \u0627\u0644\u0633\u0627\u0628\u0642). \u062a\u0645 \u062a\u0635\u0645\u064a\u0645 \u0633\u0647\u0648\u0644\u0629 \u0627\u0644\u0627\u0633\u062a\u062e\u062f\u0627\u0645 \u0644\u062a\u0630\u0643\u064a\u0631 \u0627\u0644\u0645\u0633\u062a\u062e\u062f\u0645 \u0628\u0627\u0644\u0631\u0627\u062f\u064a\u0648\u0647\u0627\u062a \u0627\u0644\u0643\u0644\u0627\u0633\u064a\u0643\u064a\u0629 \u0645\u0639 \u0627\u0644\u062d\u0641\u0627\u0638 \u0639\u0644\u0649 \u0628\u0633\u0627\u0637\u0629 \u0648\u062d\u062f\u0627\u062b\u0629 \u0627\u0644\u0627\u0633\u062a\u062e\u062f\u0627\u0645.    <\/p>\n<h4 data-start=\"3268\" data-end=\"3312\"><strong data-start=\"3273\" data-end=\"3312\">\u062c\u0648\u062f\u0629 \u0635\u0648\u062a \u0648\u0642\u0648\u0629 \u0645\u0646\u0627\u0633\u0628\u0629<\/p>\n<p><\/strong><\/h4>\n<p data-start=\"3313\" data-end=\"3624\">Malgr\u00e9 son format compact, ce haut-parleur offre un son clair et \u00e9quilibr\u00e9. Il est \u00e9quip\u00e9 d\u2019un haut-parleur central de bonne puissance, capable de restituer \u00e0 la fois les voix et les basses avec fid\u00e9lit\u00e9. Id\u00e9al pour une \u00e9coute d\u2019ambiance, il s\u2019adapte aussi bien aux musiques douces qu\u2019aux morceaux plus rythm\u00e9s.  <\/p>\n<h4 data-start=\"3626\" data-end=\"3665\"><strong data-start=\"3631\" data-end=\"3665\">\u0639\u0645\u0631 \u0628\u0637\u0627\u0631\u064a\u0629 \u0637\u0648\u064a\u0644 \u0648\u0634\u062d\u0646 \u0639\u0645\u0644\u064a<\/strong><\/h4>\n<p data-start=\"3666\" data-end=\"4072\">Gr\u00e2ce \u00e0 sa <strong data-start=\"3677\" data-end=\"3711\">batterie rechargeable int\u00e9gr\u00e9e<\/strong>, cette radio r\u00e9tro Bluetooth peut \u00eatre utilis\u00e9e partout sans contrainte de c\u00e2ble. La recharge s\u2019effectue g\u00e9n\u00e9ralement via un <strong data-start=\"3837\" data-end=\"3864\">port Micro-USB ou USB-C<\/strong>, compatible avec la plupart des chargeurs de t\u00e9l\u00e9phone. Une fois charg\u00e9e, elle offre plusieurs heures d\u2019\u00e9coute continue, ce qui en fait un compagnon id\u00e9al pour les activit\u00e9s en ext\u00e9rieur ou les d\u00e9placements.  <\/p>\n<h4 data-start=\"4074\" data-end=\"4120\"><strong data-start=\"4079\" data-end=\"4120\">\u062c\u0647\u0627\u0632 \u0645\u0646\u0627\u0633\u0628 \u0644\u062c\u0645\u064a\u0639 \u0627\u0644\u0645\u0646\u0627\u0633\u0628\u0627\u062a<\/p>\n<p><\/strong><\/h4>\n<p data-start=\"4121\" data-end=\"4176\">\u0647\u0630\u0627 \u0627\u0644\u0645\u0643\u0628\u0631 \u0627\u0644\u0635\u0648\u062a\u064a \u0627\u0644\u0631\u0627\u062f\u064a\u0648\u064a \u0627\u0644\u0643\u0644\u0627\u0633\u064a\u0643\u064a \u0627\u0644\u0645\u062d\u0645\u0648\u0644 \u0645\u062b\u0627\u0644\u064a \u0645\u0646 \u0623\u062c\u0644:<\/p>\n<ul data-start=\"4177\" data-end=\"4478\">\n<li data-start=\"4177\" data-end=\"4264\">\n<p data-start=\"4179\" data-end=\"4264\">Les <strong data-start=\"4183\" data-end=\"4206\">amateurs de vintage<\/strong> qui souhaitent retrouver le charme des radios classiques.<\/p>\n<\/li>\n<li data-start=\"4265\" data-end=\"4345\">\n<p data-start=\"4267\" data-end=\"4345\"><strong data-start=\"4271\" data-end=\"4296\">\u0627\u0644\u0645\u0633\u062a\u062e\u062f\u0645\u0648\u0646 \u0627\u0644\u0639\u0635\u0631\u064a\u0648\u0646 <\/strong>\u0627\u0644\u0630\u064a\u0646 \u064a\u0628\u062d\u062b\u0648\u0646 \u0639\u0646 \u062c\u0647\u0627\u0632 \u0644\u0627\u0633\u0644\u0643\u064a \u0645\u062a\u0639\u062f\u062f \u0627\u0644\u0627\u0633\u062a\u062e\u062f\u0627\u0645\u0627\u062a.<\/p>\n<\/li>\n<li data-start=\"4346\" data-end=\"4409\">\n<p data-start=\"4348\" data-end=\"4409\"><strong data-start=\"4352\" data-end=\"4365\">\u0627\u0644\u0645\u0633\u0627\u0641\u0631\u0648\u0646 <\/strong>\u0627\u0644\u0630\u064a\u0646 \u064a\u0631\u063a\u0628\u0648\u0646 \u0641\u064a \u0645\u0643\u0628\u0631 \u0635\u0648\u062a \u062e\u0641\u064a\u0641 \u0627\u0644\u0648\u0632\u0646 \u0648\u0630\u0648 \u0628\u0637\u0627\u0631\u064a\u0629 \u0645\u0633\u062a\u0642\u0644\u0629.<\/p>\n<\/li>\n<li data-start=\"4410\" data-end=\"4478\">\n<p data-start=\"4412\" data-end=\"4478\"><strong data-start=\"4416\" data-end=\"4437\">\u0647\u062f\u0627\u064a\u0627 \u0645\u0628\u062a\u0643\u0631\u0629:<\/strong> \u063a\u0631\u0636 \u064a\u062c\u0645\u0639 \u0628\u064a\u0646 \u0627\u0644\u062c\u0645\u0627\u0644\u064a\u0627\u062a \u0648\u0627\u0644\u0641\u0627\u0626\u062f\u0629 \u0641\u064a \u0622\u0646 \u0648\u0627\u062d\u062f.<\/p>\n<\/li>\n<\/ul>\n<h4 data-start=\"4480\" data-end=\"4503\"><strong data-start=\"4485\" data-end=\"4503\">\u0627\u0644\u0645\u0645\u064a\u0632\u0627\u062a \u0627\u0644\u0631\u0626\u064a\u0633\u064a\u0629<\/p>\n<p><\/strong><\/h4>\n<ul data-start=\"4504\" data-end=\"4811\">\n<li data-start=\"4504\" data-end=\"4554\">\n<p data-start=\"4506\" data-end=\"4554\">\u062a\u0635\u0645\u064a\u0645 \u0643\u0644\u0627\u0633\u064a\u0643\u064a \u0648\u062a\u0634\u0637\u064a\u0628 \u0645\u062a\u0642\u0646 \u0628\u062a\u0642\u0644\u064a\u062f \u0627\u0644\u062e\u0634\u0628.<\/p>\n<\/li>\n<li data-start=\"4555\" data-end=\"4610\">\n<p data-start=\"4557\" data-end=\"4610\">Bluetooth int\u00e9gr\u00e9 pour une connexion sans fil rapide.<\/p>\n<\/li>\n<li data-start=\"4611\" data-end=\"4661\">\n<p data-start=\"4613\" data-end=\"4661\">Radio FM\/AM\/SW avec molette d\u2019accord analogique.<\/p>\n<\/li>\n<li data-start=\"4662\" data-end=\"4707\">\n<p data-start=\"4664\" data-end=\"4707\">\u0645\u0646\u0627\u0641\u0630 USB \u0648\u0628\u0637\u0627\u0642\u0629 TF \u0644\u0644\u062a\u0634\u063a\u064a\u0644 \u0627\u0644\u0645\u0628\u0627\u0634\u0631.<\/p>\n<\/li>\n<li data-start=\"4708\" data-end=\"4756\">\n<p data-start=\"4710\" data-end=\"4756\">\u0628\u0637\u0627\u0631\u064a\u0629 \u0642\u0627\u0628\u0644\u0629 \u0644\u0625\u0639\u0627\u062f\u0629 \u0627\u0644\u0634\u062d\u0646 \u0648\u0645\u0642\u0628\u0636 \u0644\u0644\u062d\u0645\u0644.<\/p>\n<\/li>\n<li data-start=\"4757\" data-end=\"4811\">\n<p data-start=\"4759\" data-end=\"4811\">\u0627\u0633\u062a\u062e\u062f\u0627\u0645 \u0633\u0647\u0644 \u0628\u0641\u0636\u0644 \u0623\u0632\u0631\u0627\u0631 \u062a\u062d\u0643\u0645 \u0628\u062f\u064a\u0647\u064a\u0629.<\/p>\n<\/li>\n<\/ul>\n<h4 data-start=\"4813\" data-end=\"4832\"><strong data-start=\"4818\" data-end=\"4832\">Conclusion<\/strong><\/h4>\n<p data-start=\"4833\" data-end=\"5291\">\u064a\u0639\u062f<strong data-start=\"4836\" data-end=\"4883\"> \u0645\u0643\u0628\u0631 \u0627\u0644\u0635\u0648\u062a \u0627\u0644\u0631\u0627\u062f\u064a\u0648\u064a \u0627\u0644\u0643\u0644\u0627\u0633\u064a\u0643\u064a<\/strong> \u0627\u0644\u0645\u062d\u0645\u0648\u0644 \u0628\u062a\u0642\u0646\u064a\u0629 \u0627\u0644\u0628\u0644\u0648\u062a\u0648\u062b \u0623\u0643\u062b\u0631 \u0645\u0646 \u0645\u062c\u0631\u062f \u0645\u0643\u0628\u0631 \u0635\u0648\u062a. \u0625\u0646\u0647 \u062f\u0645\u062c \u0628\u064a\u0646 \u0627\u0644\u062a\u0642\u0644\u064a\u062f \u0648\u0627\u0644\u062d\u062f\u0627\u062b\u0629\u060c \u0645\u0635\u0645\u0645 \u0644\u062a\u0642\u062f\u064a\u0645 \u062a\u062c\u0631\u0628\u0629 \u0635\u0648\u062a\u064a\u0629 \u0645\u0645\u062a\u0639\u0629 \u0648\u0623\u0633\u0644\u0648\u0628 \u0644\u0627 \u0645\u062b\u064a\u0644 \u0644\u0647. \u0633\u0648\u0627\u0621 \u0643\u0646\u062a \u062d\u0646\u064a\u0646\u064b\u0627 \u0625\u0644\u0649 \u0627\u0644\u0631\u0627\u062f\u064a\u0648\u0647\u0627\u062a \u0627\u0644\u0642\u062f\u064a\u0645\u0629 \u0623\u0648 \u0645\u0646 \u0645\u062d\u0628\u064a \u0627\u0644\u0623\u062c\u0647\u0632\u0629 \u0627\u0644\u062d\u062f\u064a\u062b\u0629 \u0645\u062a\u0639\u062f\u062f\u0629 \u0627\u0644\u0648\u0633\u0627\u0626\u0637\u060c \u0641\u0625\u0646 \u0647\u0630\u0627 \u0627\u0644\u062c\u0647\u0627\u0632 \u0633\u064a\u0644\u0628\u064a \u062c\u0645\u064a\u0639 \u062a\u0648\u0642\u0639\u0627\u062a\u0643. \u0641\u0647\u0648 \u064a\u062c\u0645\u0639 \u0628\u064a\u0646 \u0623\u0641\u0636\u0644 \u0645\u0627 \u0641\u064a \u0627\u0644\u0639\u0627\u0644\u0645\u064a\u0646: \u062a\u0635\u0645\u064a\u0645 \u0643\u0644\u0627\u0633\u064a\u0643\u064a \u062e\u0627\u0644\u062f \u0648\u0648\u0638\u0627\u0626\u0641 \u0639\u0635\u0631\u064a\u0629.   <\/p>\n","protected":false},"excerpt":{"rendered":"<p data-start=\"5342\" data-end=\"5483\">\u0645\u0643\u0628\u0631 \u0635\u0648\u062a \u0631\u0627\u062f\u064a\u0648 \u0643\u0644\u0627\u0633\u064a\u0643\u064a \u0628\u062a\u0642\u0646\u064a\u0629 \u0627\u0644\u0628\u0644\u0648\u062a\u0648\u062b\u060c \u062a\u0635\u0645\u064a\u0645 \u0639\u062a\u064a\u0642 \u0645\u0639 \u0631\u0627\u062f\u064a\u0648 FM\/AM\u060c \u0645\u0646\u0627\u0641\u0630 USB\u060c \u0628\u0637\u0627\u0642\u0629 TF \u0648\u0628\u0637\u0627\u0631\u064a\u0629 \u0642\u0627\u0628\u0644\u0629 \u0644\u0625\u0639\u0627\u062f\u0629 \u0627\u0644\u0634\u062d\u0646. \u0623\u0646\u064a\u0642\u060c \u0645\u062d\u0645\u0648\u0644 \u0648\u0645\u062a\u0639\u062f\u062f \u0627\u0644\u0627\u0633\u062a\u062e\u062f\u0627\u0645\u0627\u062a.<\/p>\n","protected":false},"featured_media":21414,"comment_status":"open","ping_status":"closed","template":"","meta":[],"product_brand":[],"product_cat":[861],"product_tag":[],"class_list":{"0":"post-21606","1":"product","2":"type-product","3":"status-publish","4":"has-post-thumbnail","6":"product_cat-861","8":"first","9":"instock","10":"sale","11":"shipping-taxable","12":"purchasable","13":"product-type-simple"},"jetpack_sharing_enabled":true,"_links":{"self":[{"href":"https:\/\/brefshop.ma\/ar\/wp-json\/wp\/v2\/product\/21606"}],"collection":[{"href":"https:\/\/brefshop.ma\/ar\/wp-json\/wp\/v2\/product"}],"about":[{"href":"https:\/\/brefshop.ma\/ar\/wp-json\/wp\/v2\/types\/product"}],"replies":[{"embeddable":true,"href":"https:\/\/brefshop.ma\/ar\/wp-json\/wp\/v2\/comments?post=21606"}],"version-history":[{"count":0,"href":"https:\/\/brefshop.ma\/ar\/wp-json\/wp\/v2\/product\/21606\/revisions"}],"wp:featuredmedia":[{"embeddable":true,"href":"https:\/\/brefshop.ma\/ar\/wp-json\/wp\/v2\/media\/21414"}],"wp:attachment":[{"href":"https:\/\/brefshop.ma\/ar\/wp-json\/wp\/v2\/media?parent=21606"}],"wp:term":[{"taxonomy":"product_brand","embeddable":true,"href":"https:\/\/brefshop.ma\/ar\/wp-json\/wp\/v2\/product_brand?post=21606"},{"taxonomy":"product_cat","embeddable":true,"href":"https:\/\/brefshop.ma\/ar\/wp-json\/wp\/v2\/product_cat?post=21606"},{"taxonomy":"product_tag","embeddable":true,"href":"https:\/\/brefshop.ma\/ar\/wp-json\/wp\/v2\/product_tag?post=21606"}],"curies":[{"name":"wp","href":"https:\/\/api.w.org\/{rel}","templated":true}]}}