{"id":21607,"date":"2024-06-09T16:41:50","date_gmt":"2024-06-09T16:41:50","guid":{"rendered":"https:\/\/brefshop.ma\/%d8%b1%d8%a7%d8%af%d9%8a%d9%88-%d9%85%d9%83%d8%a8%d8%b1-%d8%b5%d9%88%d8%aa-%d9%85%d8%ad%d9%85%d9%88%d9%84-fepe-fp-1968bt\/"},"modified":"2025-11-09T16:41:50","modified_gmt":"2025-11-09T16:41:50","slug":"%d8%b1%d8%a7%d8%af%d9%8a%d9%88-%d9%85%d9%83%d8%a8%d8%b1-%d8%b5%d9%88%d8%aa-%d9%85%d8%ad%d9%85%d9%88%d9%84-fepe-fp-1968bt","status":"publish","type":"product","link":"https:\/\/brefshop.ma\/ar\/%d8%b1%d8%a7%d8%af%d9%8a%d9%88-%d9%85%d9%83%d8%a8%d8%b1-%d8%b5%d9%88%d8%aa-%d9%85%d8%ad%d9%85%d9%88%d9%84-fepe-fp-1968bt\/","title":{"rendered":"\u0631\u0627\u062f\u064a\u0648 \/ \u0645\u0643\u0628\u0631 \u0635\u0648\u062a \u0645\u062d\u0645\u0648\u0644 Fepe FP-1968BT"},"content":{"rendered":"<h3 data-start=\"49\" data-end=\"167\"><strong data-start=\"49\" data-end=\"165\">\u0631\u0627\u062f\u064a\u0648 \u0648\u0645\u0643\u0628\u0631 \u0635\u0648\u062a \u0645\u062d\u0645\u0648\u0644 Fepe FP-1968BT \u0628\u0644\u0648\u062a\u0648\u062b MP3 FM\/AM\/SW \u0628\u0628\u0637\u0627\u0631\u064a\u0629 \u0642\u0627\u0628\u0644\u0629 \u0644\u0644\u0634\u062d\u0646 \u2013 \u0635\u0648\u062a \u0646\u0642\u0627\u0644 \u0642\u0648\u064a<\/strong><\/h3>\n<p data-start=\"49\" data-end=\"167\">Le <strong data-start=\"1413\" data-end=\"1431\">Fepe FP-1968BT<\/strong> est un haut-parleur portable polyvalent qui allie le charme r\u00e9tro d\u2019une boombox classique avec les fonctionnalit\u00e9s modernes des <a href=\"https:\/\/brefshop.ma\/ar\/%d8%a7%d9%84%d9%85%d9%84%d8%ad%d9%82%d8%a7%d8%aa-%d8%a7%d9%84%d8%a5%d9%84%d9%83%d8%aa%d8%b1%d9%88%d9%86%d9%8a%d8%a9\/\">appareilles<\/a> audio sans fils . Con\u00e7u pour r\u00e9pondre aux besoins des m\u00e9lomanes et des utilisateurs mobiles, ce mod\u00e8le offre \u00e0 la fois la puissance d\u2019une radio traditionnelle et la flexibilit\u00e9 d\u2019un haut-parleur Bluetooth contemporain. <\/p>\n<p data-start=\"1788\" data-end=\"2218\">\u0645\u0632\u0648\u062f \u0628\u062a\u0635\u0645\u064a\u0645 \u0623\u062d\u0645\u0631 \u0632\u0627\u0647\u064a \u0648\u0645\u0642\u0628\u0636 \u0623\u0633\u0648\u062f \u0643\u0628\u064a\u0631\u060c \u062a\u0645 \u062a\u0635\u0645\u064a\u0645 Fepe FP-1968BT \u0644\u0644\u0627\u0633\u062a\u062e\u062f\u0627\u0645 \u0627\u0644\u0646\u0642\u0627\u0644. \u062a\u0633\u0645\u062d \u0644\u0647 \u0642\u0627\u0628\u0644\u064a\u0629 \u0627\u0644\u062d\u0645\u0644 \u0628\u0623\u062e\u0630\u0647 \u0625\u0644\u0649 \u0623\u064a \u0645\u0643\u0627\u0646: \u0641\u064a \u0627\u0644\u0645\u0646\u0632\u0644\u060c \u0627\u0644\u0645\u0643\u062a\u0628\u060c \u0641\u064a \u0627\u0644\u062e\u0627\u0631\u062c \u0623\u0648 \u0623\u062b\u0646\u0627\u0621 \u0627\u0644\u0633\u0641\u0631. \u064a\u0636\u0645\u0646 \u0627\u0644\u0647\u064a\u0643\u0644 \u0627\u0644\u0645\u062a\u064a\u0646 \u0627\u0644\u0645\u062a\u0627\u0646\u0629 \u0648\u0642\u062f\u0631\u062a\u0647 \u0639\u0644\u0649 \u0627\u0644\u062a\u062d\u0645\u0644 \u0645\u0639 \u0627\u0644\u062a\u0646\u0642\u0644 \u0627\u0644\u0645\u062a\u0643\u0631\u0631. \u0643\u0645\u0627 \u0623\u0646 \u0645\u0638\u0647\u0631\u0647 \u0627\u0644\u0639\u0635\u0631\u064a\u060c \u0645\u0639 \u0644\u0645\u0633\u0629 \u0645\u0646 \u0627\u0644\u0637\u0627\u0628\u0639 \u0627\u0644\u0643\u0644\u0627\u0633\u064a\u0643\u064a\u060c \u064a\u062c\u0639\u0644\u0647 \u062c\u0647\u0627\u0632\u064b\u0627 \u0635\u0648\u062a\u064a\u064b\u0627 \u0645\u0645\u064a\u0632\u064b\u0627 \u0628\u0635\u0631\u064a\u064b\u0627 \u0648\u0641\u064a \u0627\u0644\u0648\u0642\u062a \u0646\u0641\u0633\u0647 \u0639\u0645\u0644\u064a\u064b\u0627.   <\/p>\n<h3 data-start=\"2220\" data-end=\"2252\">Fonctions radio polyvalentes<\/h3>\n<p data-start=\"2254\" data-end=\"2780\">\u064a\u0634\u062a\u0645\u0644 \u062c\u0647\u0627\u0632 FP-1968BT \u0639\u0644\u0649 \u062b\u0644\u0627\u062b \u0646\u0637\u0627\u0642\u0627\u062a \u0644\u0644\u0631\u0627\u062f\u064a\u0648: FM \u0648 AM \u0648 SW (\u0627\u0644\u0645\u0648\u062c\u0627\u062a \u0627\u0644\u0642\u0635\u064a\u0631\u0629)\u060c \u0645\u0645\u0627 \u064a\u0648\u0641\u0631 \u062a\u063a\u0637\u064a\u0629 \u0643\u0627\u0645\u0644\u0629 \u0644\u0644\u0645\u062d\u0637\u0627\u062a \u0627\u0644\u0645\u062d\u0644\u064a\u0629 \u0648\u0627\u0644\u062f\u0648\u0644\u064a\u0629. \u064a\u062a\u064a\u062d \u0646\u0637\u0627\u0642 FM\u060c \u0627\u0644\u0630\u064a \u064a\u063a\u0637\u064a \u0645\u0646 88 \u0625\u0644\u0649 108 \u0645\u064a\u062c\u0627\u0647\u0631\u062a\u0632\u060c \u0627\u0644\u0648\u0635\u0648\u0644 \u0628\u0633\u0647\u0648\u0644\u0629 \u0625\u0644\u0649 \u0645\u062d\u0637\u0627\u062a \u0627\u0644\u0645\u0648\u0633\u064a\u0642\u0649 \u0648\u0627\u0644\u0623\u062e\u0628\u0627\u0631 \u0627\u0644\u0645\u062d\u0644\u064a\u0629. \u0623\u0645\u0627 \u0646\u0637\u0627\u0642 AM\u060c \u0628\u0645\u062f\u0649 \u0645\u0646 530 \u0625\u0644\u0649 1600 \u0643\u064a\u0644\u0648\u0647\u0631\u062a\u0632\u060c \u0641\u0647\u0648 \u0645\u062b\u0627\u0644\u064a \u0644\u0644\u0627\u0633\u062a\u0645\u0627\u0639 \u0625\u0644\u0649 \u0627\u0644\u0628\u0631\u0627\u0645\u062c \u0627\u0644\u062d\u0648\u0627\u0631\u064a\u0629 \u0648\u0627\u0644\u0646\u0634\u0631\u0627\u062a \u0627\u0644\u0625\u062e\u0628\u0627\u0631\u064a\u0629. \u0648\u0623\u062e\u064a\u0631\u064b\u0627\u060c \u064a\u062a\u064a\u062d \u0646\u0637\u0627\u0642 SW \u0627\u0644\u062a\u0642\u0627\u0637 \u0627\u0644\u0645\u062d\u0637\u0627\u062a \u0627\u0644\u062f\u0648\u0644\u064a\u0629 \u0648\u0627\u0644\u0628\u0631\u0627\u0645\u062c \u0627\u0644\u062e\u0627\u0635\u0629 \u0645\u0646 \u062e\u0644\u0627\u0644 \u062a\u0631\u062f\u062f\u0647 \u0645\u0646 6.0 \u0625\u0644\u0649 18.0 \u0645\u064a\u062c\u0627\u0647\u0631\u062a\u0632.   <\/p>\n<p data-start=\"2782\" data-end=\"3065\">Le r\u00e9glage manuel des stations se fait via une grande molette de TUNING, facilitant la recherche pr\u00e9cise et rapide des fr\u00e9quences souhait\u00e9es. Cette fonctionnalit\u00e9 combine la simplicit\u00e9 des radios classiques \u00e0 la pr\u00e9cision moderne, offrant un contr\u00f4le total sur l\u2019exp\u00e9rience d\u2019\u00e9coute. <\/p>\n<h3 data-start=\"3067\" data-end=\"3115\">\u0627\u0644\u0627\u062a\u0635\u0627\u0644 \u0639\u0628\u0631 \u0627\u0644\u0628\u0644\u0648\u062a\u0648\u062b \u0648\u062a\u0634\u063a\u064a\u0644 \u0627\u0644\u0648\u0633\u0627\u0626\u0637 \u0627\u0644\u0645\u062a\u0639\u062f\u062f\u0629<\/h3>\n<p data-start=\"3117\" data-end=\"3435\">\u062a\u062a\u064a\u062d \u062e\u0627\u0635\u064a\u0629 \u0627\u0644\u0627\u062a\u0635\u0627\u0644 \u0627\u0644\u0644\u0627\u0633\u0644\u0643\u064a \u0639\u0628\u0631 \u0627\u0644\u0628\u0644\u0648\u062a\u0648\u062b \u0631\u0628\u0637 \u062c\u0647\u0627\u0632 Fepe FP-1968BT \u0628\u0633\u0647\u0648\u0644\u0629 \u0628\u0647\u0627\u062a\u0641 \u0630\u0643\u064a \u0623\u0648 \u062c\u0647\u0627\u0632 \u0644\u0648\u062d\u064a \u0623\u0648 \u0623\u064a \u062c\u0647\u0627\u0632 \u0645\u062a\u0648\u0627\u0641\u0642 \u0622\u062e\u0631\u060c \u0645\u0645\u0627 \u064a\u0648\u0641\u0631 \u062a\u062c\u0631\u0628\u0629 \u0635\u0648\u062a\u064a\u0629 \u062f\u0648\u0646 \u0642\u064a\u0648\u062f \u0627\u0644\u0623\u0633\u0644\u0627\u0643. \u062a\u064f\u0639\u062f \u0647\u0630\u0647 \u0627\u0644\u0645\u064a\u0632\u0629 \u0645\u062b\u0627\u0644\u064a\u0629 \u0644\u0644\u0627\u0633\u062a\u0645\u0627\u0639 \u0625\u0644\u0649 \u0642\u0648\u0627\u0626\u0645 \u0627\u0644\u062a\u0634\u063a\u064a\u0644\u060c \u0627\u0644\u0628\u0648\u062f\u0643\u0627\u0633\u062a\u060c \u0623\u0648 \u0623\u064a \u0645\u062d\u062a\u0648\u0649 \u0635\u0648\u062a\u064a \u064a\u062a\u0645 \u0628\u062b\u0647 \u0639\u0628\u0631 \u0627\u0644\u0625\u0646\u062a\u0631\u0646\u062a. <\/p>\n<p data-start=\"3437\" data-end=\"3966\">\u0628\u0627\u0644\u0625\u0636\u0627\u0641\u0629 \u0625\u0644\u0649 \u0627\u0644\u0628\u0644\u0648\u062a\u0648\u062b\u060c \u064a\u062d\u062a\u0648\u064a \u0645\u0643\u0628\u0631 \u0627\u0644\u0635\u0648\u062a \u0639\u0644\u0649 \u0648\u0638\u0627\u0626\u0641 \u0648\u0633\u0627\u0626\u0637 \u0645\u062a\u0639\u062f\u062f\u0629 \u0645\u062f\u0645\u062c\u0629. \u064a\u062a\u064a\u062d \u0645\u0634\u063a\u0644 MP3 \u062a\u0634\u063a\u064a\u0644 \u0627\u0644\u0645\u0644\u0641\u0627\u062a \u0627\u0644\u0635\u0648\u062a\u064a\u0629 \u0645\u0628\u0627\u0634\u0631\u0629 \u0645\u0646 \u0648\u0633\u0627\u0626\u0637 \u0627\u0644\u062a\u062e\u0632\u064a\u0646 \u0645\u062b\u0644 \u0641\u0644\u0627\u0634 USB \u0623\u0648 \u0628\u0637\u0627\u0642\u0629 TF\/SD\u060c \u0645\u0645\u0627 \u064a\u0648\u0641\u0631 \u062d\u0631\u064a\u0629 \u0643\u0628\u064a\u0631\u0629 \u0644\u0644\u0627\u0633\u062a\u0645\u0627\u0639 \u0625\u0644\u0649 \u0627\u0644\u0645\u0648\u0633\u064a\u0642\u0649 \u0627\u0644\u0645\u0641\u0636\u0644\u0629 \u0641\u064a \u0623\u064a \u0645\u0643\u0627\u0646. \u0643\u0645\u0627 \u062a\u062a\u064a\u062d \u0623\u0632\u0631\u0627\u0631 \u0627\u0644\u062a\u062d\u0643\u0645 \u0628\u0627\u0644\u0648\u0633\u0627\u0626\u0637 \u0627\u0644\u0645\u0648\u062c\u0648\u062f\u0629 \u0639\u0644\u0649 \u062c\u0627\u0646\u0628 \u0627\u0644\u062c\u0647\u0627\u0632 \u0625\u062f\u0627\u0631\u0629 \u0627\u0644\u062a\u0634\u063a\u064a\u0644\u060c \u0627\u0644\u0627\u0646\u062a\u0642\u0627\u0644 \u0625\u0644\u0649 \u0627\u0644\u0645\u0642\u0637\u0639 \u0627\u0644\u062a\u0627\u0644\u064a \u0623\u0648 \u0627\u0644\u0639\u0648\u062f\u0629 \u0625\u0644\u0649 \u0627\u0644\u0633\u0627\u0628\u0642\u060c \u0644\u062a\u062d\u0643\u0645 \u0643\u0627\u0645\u0644 \u062f\u0648\u0646 \u0627\u0644\u062d\u0627\u062c\u0629 \u0625\u0644\u0649 \u0627\u0644\u062a\u0639\u0627\u0645\u0644 \u0645\u0639 \u062c\u0647\u0627\u0632 \u0627\u0644\u0645\u0635\u062f\u0631.<\/p>\n<h3 data-start=\"3968\" data-end=\"4015\">\u0627\u0644\u062a\u062d\u0643\u0645 \u0641\u064a \u0645\u0633\u062a\u0648\u0649 \u0627\u0644\u0635\u0648\u062a \u0648\u0627\u0644\u0637\u0627\u0642\u0629 \u0627\u0644\u0645\u062d\u0645\u0648\u0644\u0629<\/p>\n<\/h3>\n<p data-start=\"4017\" data-end=\"4272\">Le Fepe FP-1968BT est \u00e9quip\u00e9 d\u2019une molette rotative principale qui combine la mise en marche et le r\u00e9glage du volume. Cette interface simple et intuitive permet de g\u00e9rer facilement le niveau sonore, offrant une exp\u00e9rience utilisateur fluide et agr\u00e9able. <\/p>\n<p data-start=\"4274\" data-end=\"4671\">\u0645\u0635\u0645\u0645 \u0644\u0644\u0627\u0633\u062a\u062e\u062f\u0627\u0645 \u0627\u0644\u0645\u062a\u0646\u0642\u0644\u060c \u064a\u062d\u062a\u0648\u064a \u0647\u0630\u0627 \u0627\u0644\u0645\u0643\u0628\u0631 \u0627\u0644\u0635\u0648\u062a\u064a \u0639\u0644\u0649 \u0628\u0637\u0627\u0631\u064a\u0629 \u0642\u0627\u0628\u0644\u0629 \u0644\u0644\u0634\u062d\u0646 \u062a\u062a\u064a\u062d \u0633\u0627\u0639\u0627\u062a \u0639\u062f\u064a\u062f\u0629 \u0645\u0646 \u0627\u0644\u0627\u0633\u062a\u0645\u0627\u0639 \u0627\u0644\u0645\u062a\u0648\u0627\u0635\u0644. \u062a\u0639\u062f \u0647\u0630\u0647 \u0627\u0644\u0645\u062f\u0629 \u0645\u062b\u0627\u0644\u064a\u0629 \u0644\u0644\u0623\u0646\u0634\u0637\u0629 \u0641\u064a \u0627\u0644\u0647\u0648\u0627\u0621 \u0627\u0644\u0637\u0644\u0642\u060c \u0623\u062b\u0646\u0627\u0621 \u0627\u0644\u062a\u0646\u0642\u0644\u060c \u0623\u0648 \u0641\u064a \u0627\u0644\u0623\u0648\u0642\u0627\u062a \u0627\u0644\u062a\u064a \u0644\u0627 \u062a\u062a\u0648\u0641\u0631 \u0641\u064a\u0647\u0627 \u0645\u0635\u062f\u0631 \u0637\u0627\u0642\u0629. \u0643\u0645\u0627 \u064a\u062a\u064a\u062d \u0645\u0646\u0641\u0630 \u0627\u0644\u0634\u062d\u0646\u060c \u0627\u0644\u0628\u0633\u064a\u0637 \u0648\u0627\u0644\u0639\u0645\u0644\u064a\u060c \u0625\u0639\u0627\u062f\u0629 \u0634\u062d\u0646 \u0627\u0644\u062c\u0647\u0627\u0632 \u0628\u0633\u0631\u0639\u0629 \u062f\u0648\u0646 \u0645\u0642\u0627\u0637\u0639\u0629 \u062a\u062c\u0631\u0628\u0629 \u0627\u0644\u0627\u0633\u062a\u0645\u0627\u0639.<\/p>\n<h3 data-start=\"4673\" data-end=\"4698\">\u0627\u0644\u062a\u0635\u0645\u064a\u0645 \u0648\u0633\u0647\u0648\u0644\u0629 \u0627\u0644\u062d\u0645\u0644<\/p>\n<\/h3>\n<p data-start=\"4700\" data-end=\"5090\">\u0628\u0641\u0636\u0644 \u062a\u0635\u0645\u064a\u0645\u0647 \u0639\u0644\u0649 \u0634\u0643\u0644 Boombox\u060c \u064a\u062c\u0645\u0639 \u062c\u0647\u0627\u0632 FP-1968BT \u0628\u064a\u0646 \u0627\u0644\u0631\u0627\u062d\u0629 \u0648\u0627\u0644\u0623\u0646\u0627\u0642\u0629. \u062a\u062c\u0639\u0644 \u0627\u0644\u0645\u0642\u0627\u0628\u0636 \u0627\u0644\u0633\u0648\u062f\u0627\u0621 \u0639\u0644\u0649 \u0627\u0644\u0647\u064a\u0643\u0644 \u0627\u0644\u0623\u062d\u0645\u0631 \u0627\u0644\u0646\u0642\u0644 \u0633\u0647\u0644\u0627\u064b \u0648\u0645\u0631\u064a\u062d\u0627\u064b. \u0644\u0627 \u064a\u0636\u062d\u064a \u062d\u062c\u0645\u0647 \u0627\u0644\u0635\u063a\u064a\u0631 \u0628\u0627\u0644\u0642\u0648\u0629 \u0627\u0644\u0635\u0648\u062a\u064a\u0629\u060c \u062d\u064a\u062b \u064a\u0648\u0641\u0631 \u0645\u0633\u062a\u0648\u0649 \u0635\u0648\u062a \u0645\u062b\u0627\u0644\u064a \u0644\u0644\u0627\u0633\u062a\u062e\u062f\u0627\u0645 \u0627\u0644\u062f\u0627\u062e\u0644\u064a \u0648\u0627\u0644\u062e\u0627\u0631\u062c\u064a. \u0643\u0645\u0627 \u064a\u0636\u0645\u0646 \u0627\u0644\u062a\u0635\u0645\u064a\u0645 \u0627\u0644\u0645\u062a\u064a\u0646 \u0637\u0648\u0644 \u0639\u0645\u0631 \u0623\u0643\u0628\u0631 \u0644\u0644\u062c\u0647\u0627\u0632 \u062d\u062a\u0649 \u0645\u0639 \u0627\u0644\u0627\u0633\u062a\u062e\u062f\u0627\u0645 \u0627\u0644\u0645\u062a\u0643\u0631\u0631 \u0623\u0648 \u0627\u0644\u062a\u0646\u0642\u0644 \u0627\u0644\u0645\u0633\u062a\u0645\u0631.   <\/p>\n<h3 data-start=\"5092\" data-end=\"5118\">\u0627\u0644\u062a\u0637\u0628\u064a\u0642\u0627\u062a \u0648\u0627\u0644\u0627\u0633\u062a\u062e\u062f\u0627\u0645\u0627\u062a<\/h3>\n<p data-start=\"5120\" data-end=\"5174\">\u062c\u0647\u0627\u0632 Fepe FP-1968BT \u0645\u0646\u0627\u0633\u0628 \u0644\u0645\u0648\u0627\u0642\u0641 \u0645\u062a\u0639\u062f\u062f\u0629:<\/p>\n<ul data-start=\"5175\" data-end=\"5623\">\n<li data-start=\"5175\" data-end=\"5273\">\n<p data-start=\"5177\" data-end=\"5273\"><strong data-start=\"5177\" data-end=\"5191\">\u0641\u064a \u0627\u0644\u0645\u0646\u0632\u0644:<\/strong> \u0627\u0633\u062a\u0645\u062a\u0639 \u0628\u0645\u0648\u0633\u064a\u0642\u0627\u0643 \u0623\u0648 \u0628\u0627\u0644\u0631\u0627\u062f\u064a\u0648 \u0641\u064a \u062c\u0645\u064a\u0639 \u0623\u0646\u062d\u0627\u0621 \u0627\u0644\u0645\u0646\u0632\u0644.<\/p>\n<\/li>\n<li data-start=\"5274\" data-end=\"5406\">\n<p data-start=\"5276\" data-end=\"5406\"><strong data-start=\"5276\" data-end=\"5292\">\u0641\u064a \u0627\u0644\u0647\u0648\u0627\u0621 \u0627\u0644\u0637\u0644\u0642: <\/strong>\u062a\u062a\u064a\u062d \u0628\u0637\u0627\u0631\u064a\u062a\u0647 \u0648\u0642\u062f\u0631\u062a\u0647 \u0639\u0644\u0649 \u0627\u0644\u062d\u0645\u0644 \u0623\u062e\u0630\u0647 \u0645\u0639\u0643 \u0623\u062b\u0646\u0627\u0621 \u0627\u0644\u0646\u0632\u0647\u0627\u062a\u060c \u0623\u0648 \u0627\u0644\u0631\u062d\u0644\u0627\u062a \u0625\u0644\u0649 \u0627\u0644\u0634\u0627\u0637\u0626\u060c \u0623\u0648 \u0627\u0644\u0633\u0641\u0631.<\/p>\n<\/li>\n<li data-start=\"5407\" data-end=\"5499\">\n<p data-start=\"5409\" data-end=\"5499\"><strong data-start=\"5409\" data-end=\"5422\">\u0641\u064a \u0627\u0644\u0645\u0643\u062a\u0628: <\/strong>\u0623\u0646\u0634\u0626 \u0623\u062c\u0648\u0627\u0621 \u0645\u0648\u0633\u064a\u0642\u064a\u0629 \u0645\u0645\u062a\u0639\u0629 \u062f\u0648\u0646 \u0625\u0632\u0639\u0627\u062c \u0645\u0633\u0627\u062d\u0629 \u0627\u0644\u0639\u0645\u0644.<\/p>\n<\/li>\n<li data-start=\"5500\" data-end=\"5623\">\n<p data-start=\"5502\" data-end=\"5623\"><strong data-start=\"5502\" data-end=\"5525\">\u0644\u0644\u0645\u0646\u0627\u0633\u0628\u0627\u062a: <\/strong>\u0645\u062b\u0627\u0644\u064a \u0644\u0625\u0636\u0641\u0627\u0621 \u0627\u0644\u062d\u064a\u0648\u064a\u0629 \u0639\u0644\u0649 \u0627\u0644\u062d\u0641\u0644\u0627\u062a \u0627\u0644\u0635\u063a\u064a\u0631\u0629 \u0623\u0648 \u0627\u0644\u0627\u062c\u062a\u0645\u0627\u0639\u0627\u062a \u0628\u0641\u0636\u0644 \u0642\u0648\u062a\u0647 \u0648\u0633\u0647\u0648\u0644\u0629 \u0627\u0644\u0627\u062a\u0635\u0627\u0644.<\/p>\n<\/li>\n<\/ul>\n<h3 data-start=\"5625\" data-end=\"5639\">Conclusion<\/h3>\n<p data-start=\"5641\" data-end=\"6015\">Le <strong data-start=\"5644\" data-end=\"5662\">Fepe FP-1968BT<\/strong> est un haut-parleur radio portable qui combine le meilleur des deux mondes : le charme et la fiabilit\u00e9 d\u2019une radio traditionnelle avec les fonctionnalit\u00e9s modernes du Bluetooth et du MP3. Son design ergonomique, sa portabilit\u00e9 et sa batterie rechargeable en font un compagnon audio id\u00e9al pour tous ceux qui recherchent confort, style et qualit\u00e9 sonore. <\/p>\n<p data-start=\"6017\" data-end=\"6386\">\u0645\u0639 \u0647\u0630\u0627 \u0627\u0644\u0637\u0631\u0627\u0632\u060c \u064a\u0635\u0628\u062d \u0627\u0644\u0627\u0633\u062a\u0645\u0627\u0639 \u0625\u0644\u0649 \u0627\u0644\u0645\u0648\u0633\u064a\u0642\u0649\u060c \u0648\u0627\u0644\u062a\u0642\u0627\u0637 \u0645\u062d\u0637\u0627\u062a\u0643 \u0627\u0644\u0645\u0641\u0636\u0644\u0629\u060c \u0623\u0648 \u0628\u062b \u0627\u0644\u0645\u062d\u062a\u0648\u0649 \u0644\u0627\u0633\u0644\u0643\u064a\u064b\u0627 \u0623\u0645\u0631\u064b\u0627 \u0628\u0633\u064a\u0637\u064b\u0627 \u0648\u0645\u0645\u062a\u0639\u064b\u0627\u060c \u0645\u0639 \u0627\u0644\u0627\u0633\u062a\u0641\u0627\u062f\u0629 \u0641\u064a \u0627\u0644\u0648\u0642\u062a \u0646\u0641\u0633\u0647 \u0645\u0646 \u062c\u0647\u0627\u0632 \u0645\u062a\u064a\u0646 \u0648\u0639\u0645\u0644\u064a. \u0633\u0648\u0627\u0621 \u0643\u0646\u062a \u0645\u0646 \u0645\u062d\u0628\u064a \u0627\u0644\u0645\u0648\u0633\u064a\u0642\u0649\u060c \u0623\u0648 \u0645\u0633\u0627\u0641\u0631\u064b\u0627\u060c \u0623\u0648 \u062a\u0628\u062d\u062b \u0628\u0628\u0633\u0627\u0637\u0629 \u0639\u0646 \u0645\u0643\u0628\u0631 \u0635\u0648\u062a \u0645\u062d\u0645\u0648\u0644 \u0645\u062a\u0643\u0627\u0645\u0644\u060c \u0641\u0625\u0646 \u062c\u0647\u0627\u0632 Fepe FP-1968BT \u0633\u064a\u0644\u0628\u064a \u062a\u0648\u0642\u0639\u0627\u062a\u0643 \u0628\u0627\u0644\u0623\u0646\u0627\u0642\u0629 \u0648\u0627\u0644\u0623\u062f\u0627\u0621.<\/p>\n","protected":false},"excerpt":{"rendered":"<p data-start=\"1231\" data-end=\"1365\">Radio et haut-parleur portable Fepe FP-1968BT avec Bluetooth, MP3, FM\/AM\/SW et batterie rechargeable pour un son nomade et performant.<\/p>\n","protected":false},"featured_media":21409,"comment_status":"open","ping_status":"closed","template":"","meta":[],"product_brand":[],"product_cat":[861],"product_tag":[],"class_list":{"0":"post-21607","1":"product","2":"type-product","3":"status-publish","4":"has-post-thumbnail","6":"product_cat-861","8":"first","9":"instock","10":"sale","11":"shipping-taxable","12":"purchasable","13":"product-type-simple"},"jetpack_sharing_enabled":true,"_links":{"self":[{"href":"https:\/\/brefshop.ma\/ar\/wp-json\/wp\/v2\/product\/21607"}],"collection":[{"href":"https:\/\/brefshop.ma\/ar\/wp-json\/wp\/v2\/product"}],"about":[{"href":"https:\/\/brefshop.ma\/ar\/wp-json\/wp\/v2\/types\/product"}],"replies":[{"embeddable":true,"href":"https:\/\/brefshop.ma\/ar\/wp-json\/wp\/v2\/comments?post=21607"}],"version-history":[{"count":0,"href":"https:\/\/brefshop.ma\/ar\/wp-json\/wp\/v2\/product\/21607\/revisions"}],"wp:featuredmedia":[{"embeddable":true,"href":"https:\/\/brefshop.ma\/ar\/wp-json\/wp\/v2\/media\/21409"}],"wp:attachment":[{"href":"https:\/\/brefshop.ma\/ar\/wp-json\/wp\/v2\/media?parent=21607"}],"wp:term":[{"taxonomy":"product_brand","embeddable":true,"href":"https:\/\/brefshop.ma\/ar\/wp-json\/wp\/v2\/product_brand?post=21607"},{"taxonomy":"product_cat","embeddable":true,"href":"https:\/\/brefshop.ma\/ar\/wp-json\/wp\/v2\/product_cat?post=21607"},{"taxonomy":"product_tag","embeddable":true,"href":"https:\/\/brefshop.ma\/ar\/wp-json\/wp\/v2\/product_tag?post=21607"}],"curies":[{"name":"wp","href":"https:\/\/api.w.org\/{rel}","templated":true}]}}